{"id":3253,"date":"2023-05-08T10:11:26","date_gmt":"2023-05-08T10:11:26","guid":{"rendered":"https:\/\/ashtanga.qodeinteractive.com\/?page_id=3253"},"modified":"2024-10-13T22:40:40","modified_gmt":"2024-10-13T20:40:40","slug":"vylety","status":"publish","type":"page","link":"https:\/\/www.justflyaway.com\/en\/vylety\/","title":{"rendered":"VYLETY"},"content":{"rendered":"<div data-elementor-type=\"wp-page\" data-elementor-id=\"3253\" class=\"elementor elementor-3253\">\n\t\t\t\t\t\t<section class=\"elementor-section elementor-top-section elementor-element elementor-element-fffbc9c elementor-section-full_width elementor-section-height-default elementor-section-height-default\" data-id=\"fffbc9c\" data-element_type=\"section\">\n\t\t\t\t\t\t<div class=\"elementor-container elementor-column-gap-default\">\n\t\t\t\t\t<div class=\"elementor-column elementor-col-100 elementor-top-column elementor-element elementor-element-2e669cb\" data-id=\"2e669cb\" data-element_type=\"column\">\n\t\t\t<div class=\"elementor-widget-wrap elementor-element-populated\">\n\t\t\t\t\t\t<div class=\"elementor-element elementor-element-9754d28 elementor-widget elementor-widget-ashtanga_core_custom_font\" data-id=\"9754d28\" data-element_type=\"widget\" data-widget_type=\"ashtanga_core_custom_font.default\">\n\t\t\t\t<div class=\"elementor-widget-container\">\n\t\t\t<p class=\"qodef-shortcode qodef-m  qodef-custom-font qodef-custom-font-18 qodef-layout--simple\" style=\"font-family: Edensor;font-size: 200px;line-height: 246px;text-transform: uppercase\"   >\n\t<span class=\"qodef-custom-font-inner\">\n\t\tV\u00fdlety\t<\/span>\n<\/p>\n\t\t<\/div>\n\t\t\t\t<\/div>\n\t\t\t\t\t<\/div>\n\t\t<\/div>\n\t\t\t\t\t<\/div>\n\t\t<\/section>\n\t\t\t\t<section class=\"elementor-section elementor-top-section elementor-element elementor-element-783b65a elementor-section-full_width elementor-section-height-min-height elementor-section-items-bottom elementor-section-height-default\" data-id=\"783b65a\" data-element_type=\"section\" data-settings=\"{&quot;background_background&quot;:&quot;classic&quot;}\">\n\t\t\t\t\t\t<div class=\"elementor-container elementor-column-gap-default\">\n\t\t\t\t\t<div class=\"elementor-column elementor-col-100 elementor-top-column elementor-element elementor-element-20ae2f2\" data-id=\"20ae2f2\" data-element_type=\"column\">\n\t\t\t<div class=\"elementor-widget-wrap\">\n\t\t\t\t\t\t\t<\/div>\n\t\t<\/div>\n\t\t\t\t\t<\/div>\n\t\t<\/section>\n\t\t<div class=\"elementor-element elementor-element-be6fece e-flex e-con-boxed e-con e-parent\" data-id=\"be6fece\" data-element_type=\"container\">\n\t\t\t\t\t<div class=\"e-con-inner\">\n\t\t\t\t<div class=\"elementor-element elementor-element-083b7b1 elementor-widget elementor-widget-ashtanga_core_section_title\" data-id=\"083b7b1\" data-element_type=\"widget\" data-widget_type=\"ashtanga_core_section_title.default\">\n\t\t\t\t<div class=\"elementor-widget-container\">\n\t\t\t<div class=\"qodef-shortcode qodef-m  qodef-section-title qodef-alignment--center\">\n\t\t<h2 class=\"qodef-m-title\" >\n\t\t\t\t\tTie chv\u00edle, tie z\u00e1\u017eitky, tie pr\u00edbehy, tie priate\u013estv\u00e1 z na\u0161ich v\u00fdletov s\u00fa na cel\u00fd \u017eivot.\t\t\t<\/h2>\n\t\t<p class=\"qodef-m-subtitle\" >V\u00fdlety, kde sa \u017eije v pr\u00edtomnom okamihu, spozn\u00e1vaj\u00fa nov\u00e9 kult\u00fary, p\u013e\u00faca nesta\u010dia na d\u00e1vky smiechu a kde sa hlavne plnia sny.<\/p>\n\t<\/div>\n\t\t<\/div>\n\t\t\t\t<\/div>\n\t\t\t\t\t<\/div>\n\t\t\t\t<\/div>\n\t\t<div class=\"elementor-element elementor-element-9211c61 e-flex e-con-boxed e-con e-parent\" data-id=\"9211c61\" data-element_type=\"container\">\n\t\t\t\t\t<div class=\"e-con-inner\">\n\t\t\t\t<div class=\"elementor-element elementor-element-f755ef1 elementor-widget elementor-widget-ashtanga_core_image_gallery\" data-id=\"f755ef1\" data-element_type=\"widget\" data-widget_type=\"ashtanga_core_image_gallery.default\">\n\t\t\t\t<div class=\"elementor-widget-container\">\n\t\t\t<div class=\"qodef-shortcode qodef-m  qodef-image-gallery  qodef-custom-caption-layout--bellow  qodef-content-vertical-align--bottom qodef-content-horizontal-align--center    qodef-grid qodef-swiper-container  qodef-gutter--normal  qodef-col-num--3  qodef-responsive--predefined qodef-swiper--show-pagination\"  data-options=\"{&quot;spaceBetween&quot;:30,&quot;slidesPerView&quot;:&quot;3&quot;,&quot;loop&quot;:true,&quot;autoplay&quot;:true,&quot;speed&quot;:&quot;&quot;,&quot;speedAnimation&quot;:&quot;&quot;,&quot;slideAnimation&quot;:&quot;&quot;,&quot;direction&quot;:&quot;&quot;,&quot;centeredSlides&quot;:&quot;&quot;,&quot;sliderScroll&quot;:&quot;&quot;,&quot;loopedSlides&quot;:&quot;&quot;,&quot;infinite&quot;:false}\">\n\t<div class=\"swiper-wrapper\">\n\t\t<div class=\"qodef-e qodef-image-wrapper swiper-slide\">\n\t\t\t<a itemprop=\"url\" href=\"https:\/\/www.justflyaway.com\/en\/jazdecke-vylety\/\" target=\"_self\">\n\t\t\t\t\t\t<img fetchpriority=\"high\" decoding=\"async\" width=\"462\" height=\"462\" src=\"https:\/\/www.justflyaway.com\/wp-content\/uploads\/2024\/10\/obr4.jpg\" class=\"attachment-full size-full\" alt=\"\" srcset=\"https:\/\/www.justflyaway.com\/wp-content\/uploads\/2024\/10\/obr4.jpg 462w, https:\/\/www.justflyaway.com\/wp-content\/uploads\/2024\/10\/obr4-300x300.jpg 300w, https:\/\/www.justflyaway.com\/wp-content\/uploads\/2024\/10\/obr4-150x150.jpg 150w\" sizes=\"(max-width: 462px) 100vw, 462px\" \/>\t\t\t\t\t<\/a>\n\t\t\t\t\t\t<div class=\"qodef-e-additional-info\">\n\t\t\t\t<div class=\"qodef-e-additional-info-inner\">\n\t\t\t\t\t\t\t\t\t\t\t\t\t\t\t\t\t\t\t\t\t<div class=\"qodef-e-caption\" >\n\t\t\t\t\t\t\tOkt\u00f3ber\t\t\t\t\t\t<\/div>\n\t\t\t\t\t\t\t\t\t<\/div>\n\t\t\t<\/div>\n\t\t<\/div>\n<div class=\"qodef-e qodef-image-wrapper swiper-slide\">\n\t\t\t<a itemprop=\"url\" href=\"https:\/\/www.justflyaway.com\/en\/jazdecke-vylety\/\" target=\"_self\">\n\t\t\t\t\t\t<img decoding=\"async\" width=\"462\" height=\"462\" src=\"https:\/\/www.justflyaway.com\/wp-content\/uploads\/2024\/10\/obr-5.jpg\" class=\"attachment-full size-full\" alt=\"\" srcset=\"https:\/\/www.justflyaway.com\/wp-content\/uploads\/2024\/10\/obr-5.jpg 462w, https:\/\/www.justflyaway.com\/wp-content\/uploads\/2024\/10\/obr-5-300x300.jpg 300w, https:\/\/www.justflyaway.com\/wp-content\/uploads\/2024\/10\/obr-5-150x150.jpg 150w\" sizes=\"(max-width: 462px) 100vw, 462px\" \/>\t\t\t\t\t<\/a>\n\t\t\t\t\t\t<div class=\"qodef-e-additional-info\">\n\t\t\t\t<div class=\"qodef-e-additional-info-inner\">\n\t\t\t\t\t\t\t\t\t\t\t\t\t\t\t\t\t\t\t\t\t<div class=\"qodef-e-caption\" >\n\t\t\t\t\t\t\tNovember\t\t\t\t\t\t<\/div>\n\t\t\t\t\t\t\t\t\t<\/div>\n\t\t\t<\/div>\n\t\t<\/div>\n<div class=\"qodef-e qodef-image-wrapper swiper-slide\">\n\t\t\t<a itemprop=\"url\" href=\"https:\/\/www.justflyaway.com\/en\/jazdecke-vylety\/\" target=\"_self\">\n\t\t\t\t\t\t<img decoding=\"async\" width=\"462\" height=\"462\" src=\"https:\/\/www.justflyaway.com\/wp-content\/uploads\/2024\/10\/obr6.jpg\" class=\"attachment-full size-full\" alt=\"\" srcset=\"https:\/\/www.justflyaway.com\/wp-content\/uploads\/2024\/10\/obr6.jpg 462w, https:\/\/www.justflyaway.com\/wp-content\/uploads\/2024\/10\/obr6-300x300.jpg 300w, https:\/\/www.justflyaway.com\/wp-content\/uploads\/2024\/10\/obr6-150x150.jpg 150w\" sizes=\"(max-width: 462px) 100vw, 462px\" \/>\t\t\t\t\t<\/a>\n\t\t\t\t\t\t<div class=\"qodef-e-additional-info\">\n\t\t\t\t<div class=\"qodef-e-additional-info-inner\">\n\t\t\t\t\t\t\t\t\t\t\t\t\t\t\t\t\t\t\t\t\t<div class=\"qodef-e-caption\" >\n\t\t\t\t\t\t\tDecember\t\t\t\t\t\t<\/div>\n\t\t\t\t\t\t\t\t\t<\/div>\n\t\t\t<\/div>\n\t\t<\/div>\n<div class=\"qodef-e qodef-image-wrapper swiper-slide\">\n\t\t\t<a itemprop=\"url\" href=\"https:\/\/www.justflyaway.com\/en\/jazdecke-vylety\/\" target=\"_self\">\n\t\t\t\t\t\t<img loading=\"lazy\" decoding=\"async\" width=\"462\" height=\"462\" src=\"https:\/\/www.justflyaway.com\/wp-content\/uploads\/2024\/10\/obr7.jpg\" class=\"attachment-full size-full\" alt=\"\" srcset=\"https:\/\/www.justflyaway.com\/wp-content\/uploads\/2024\/10\/obr7.jpg 462w, https:\/\/www.justflyaway.com\/wp-content\/uploads\/2024\/10\/obr7-300x300.jpg 300w, https:\/\/www.justflyaway.com\/wp-content\/uploads\/2024\/10\/obr7-150x150.jpg 150w\" sizes=\"(max-width: 462px) 100vw, 462px\" \/>\t\t\t\t\t<\/a>\n\t\t\t\t\t\t<div class=\"qodef-e-additional-info\">\n\t\t\t\t<div class=\"qodef-e-additional-info-inner\">\n\t\t\t\t\t\t\t\t\t\t\t\t\t\t\t\t\t\t\t\t\t<div class=\"qodef-e-caption\" >\n\t\t\t\t\t\t\tV\u00fdlet na mieru\t\t\t\t\t\t<\/div>\n\t\t\t\t\t\t\t\t\t<\/div>\n\t\t\t<\/div>\n\t\t<\/div>\n\t<\/div>\n\t\t\t<div class=\"swiper-pagination\"><\/div>\n<\/div>\n\t\t<\/div>\n\t\t\t\t<\/div>\n\t\t\t\t\t<\/div>\n\t\t\t\t<\/div>\n\t\t\t\t<\/div>","protected":false},"excerpt":{"rendered":"<p>V\u00fdlety Tie chv\u00edle, tie z\u00e1\u017eitky, tie pr\u00edbehy, tie priate\u013estv\u00e1 z na\u0161ich v\u00fdletov s\u00fa na cel\u00fd \u017eivot. V\u00fdlety, kde sa \u017eije v pr\u00edtomnom okamihu, spozn\u00e1vaj\u00fa nov\u00e9 kult\u00fary, p\u013e\u00faca nesta\u010dia na d\u00e1vky smiechu a kde sa hlavne plnia sny. Okt\u00f3ber November December V\u00fdlet na mieru<\/p>","protected":false},"author":1,"featured_media":0,"parent":0,"menu_order":0,"comment_status":"closed","ping_status":"closed","template":"page-full-width.php","meta":{"footnotes":""},"yoast_head":"<!-- This site is optimized with the Yoast SEO plugin v24.2 - https:\/\/yoast.com\/wordpress\/plugins\/seo\/ -->\n<title>VYLETY - Just fly away<\/title>\n<meta name=\"robots\" content=\"index, follow, max-snippet:-1, max-image-preview:large, max-video-preview:-1\" \/>\n<link rel=\"canonical\" href=\"https:\/\/www.justflyaway.com\/en\/vylety\/\" \/>\n<meta property=\"og:locale\" content=\"en_US\" \/>\n<meta property=\"og:type\" content=\"article\" \/>\n<meta property=\"og:title\" content=\"VYLETY - Just fly away\" \/>\n<meta property=\"og:description\" content=\"V\u00fdlety Tie chv\u00edle, tie z\u00e1\u017eitky, tie pr\u00edbehy, tie priate\u013estv\u00e1 z na\u0161ich v\u00fdletov s\u00fa na cel\u00fd \u017eivot. V\u00fdlety, kde sa \u017eije v pr\u00edtomnom okamihu, spozn\u00e1vaj\u00fa nov\u00e9 kult\u00fary, p\u013e\u00faca nesta\u010dia na d\u00e1vky smiechu a kde sa hlavne plnia sny. Okt\u00f3ber November December V\u00fdlet na mieru\" \/>\n<meta property=\"og:url\" content=\"https:\/\/www.justflyaway.com\/en\/vylety\/\" \/>\n<meta property=\"og:site_name\" content=\"Just fly away\" \/>\n<meta property=\"article:modified_time\" content=\"2024-10-13T20:40:40+00:00\" \/>\n<meta property=\"og:image\" content=\"https:\/\/www.justflyaway.com\/wp-content\/uploads\/2024\/10\/obr4.jpg\" \/>\n<meta name=\"twitter:card\" content=\"summary_large_image\" \/>\n<meta name=\"twitter:label1\" content=\"Est. reading time\" \/>\n\t<meta name=\"twitter:data1\" content=\"3 minutes\" \/>\n<script type=\"application\/ld+json\" class=\"yoast-schema-graph\">{\"@context\":\"https:\/\/schema.org\",\"@graph\":[{\"@type\":\"WebPage\",\"@id\":\"https:\/\/www.justflyaway.com\/vylety\/\",\"url\":\"https:\/\/www.justflyaway.com\/vylety\/\",\"name\":\"VYLETY - Just fly away\",\"isPartOf\":{\"@id\":\"https:\/\/www.justflyaway.com\/#website\"},\"primaryImageOfPage\":{\"@id\":\"https:\/\/www.justflyaway.com\/vylety\/#primaryimage\"},\"image\":{\"@id\":\"https:\/\/www.justflyaway.com\/vylety\/#primaryimage\"},\"thumbnailUrl\":\"https:\/\/www.justflyaway.com\/wp-content\/uploads\/2024\/10\/obr4.jpg\",\"datePublished\":\"2023-05-08T10:11:26+00:00\",\"dateModified\":\"2024-10-13T20:40:40+00:00\",\"breadcrumb\":{\"@id\":\"https:\/\/www.justflyaway.com\/vylety\/#breadcrumb\"},\"inLanguage\":\"en-US\",\"potentialAction\":[{\"@type\":\"ReadAction\",\"target\":[\"https:\/\/www.justflyaway.com\/vylety\/\"]}]},{\"@type\":\"ImageObject\",\"inLanguage\":\"en-US\",\"@id\":\"https:\/\/www.justflyaway.com\/vylety\/#primaryimage\",\"url\":\"https:\/\/www.justflyaway.com\/wp-content\/uploads\/2024\/10\/obr4.jpg\",\"contentUrl\":\"https:\/\/www.justflyaway.com\/wp-content\/uploads\/2024\/10\/obr4.jpg\"},{\"@type\":\"BreadcrumbList\",\"@id\":\"https:\/\/www.justflyaway.com\/vylety\/#breadcrumb\",\"itemListElement\":[{\"@type\":\"ListItem\",\"position\":1,\"name\":\"Home\",\"item\":\"https:\/\/www.justflyaway.com\/\"},{\"@type\":\"ListItem\",\"position\":2,\"name\":\"VYLETY\"}]},{\"@type\":\"WebSite\",\"@id\":\"https:\/\/www.justflyaway.com\/#website\",\"url\":\"https:\/\/www.justflyaway.com\/\",\"name\":\"Just fly away\",\"description\":\"v\u00fdlety, po\u010das ktor\u00fdch sa plnia sny\",\"publisher\":{\"@id\":\"https:\/\/www.justflyaway.com\/#organization\"},\"potentialAction\":[{\"@type\":\"SearchAction\",\"target\":{\"@type\":\"EntryPoint\",\"urlTemplate\":\"https:\/\/www.justflyaway.com\/?s={search_term_string}\"},\"query-input\":{\"@type\":\"PropertyValueSpecification\",\"valueRequired\":true,\"valueName\":\"search_term_string\"}}],\"inLanguage\":\"en-US\"},{\"@type\":\"Organization\",\"@id\":\"https:\/\/www.justflyaway.com\/#organization\",\"name\":\"Just fly away\",\"url\":\"https:\/\/www.justflyaway.com\/\",\"logo\":{\"@type\":\"ImageObject\",\"inLanguage\":\"en-US\",\"@id\":\"https:\/\/www.justflyaway.com\/#\/schema\/logo\/image\/\",\"url\":\"https:\/\/www.justflyaway.com\/wp-content\/uploads\/2024\/10\/Jfa_crop.png\",\"contentUrl\":\"https:\/\/www.justflyaway.com\/wp-content\/uploads\/2024\/10\/Jfa_crop.png\",\"width\":2607,\"height\":1196,\"caption\":\"Just fly away\"},\"image\":{\"@id\":\"https:\/\/www.justflyaway.com\/#\/schema\/logo\/image\/\"},\"sameAs\":[\"https:\/\/www.instagram.com\/janagriacova\/\"]}]}<\/script>\n<!-- \/ Yoast SEO plugin. -->","yoast_head_json":{"title":"VYLETY - Just fly away","robots":{"index":"index","follow":"follow","max-snippet":"max-snippet:-1","max-image-preview":"max-image-preview:large","max-video-preview":"max-video-preview:-1"},"canonical":"https:\/\/www.justflyaway.com\/en\/vylety\/","og_locale":"en_US","og_type":"article","og_title":"VYLETY - Just fly away","og_description":"V\u00fdlety Tie chv\u00edle, tie z\u00e1\u017eitky, tie pr\u00edbehy, tie priate\u013estv\u00e1 z na\u0161ich v\u00fdletov s\u00fa na cel\u00fd \u017eivot. V\u00fdlety, kde sa \u017eije v pr\u00edtomnom okamihu, spozn\u00e1vaj\u00fa nov\u00e9 kult\u00fary, p\u013e\u00faca nesta\u010dia na d\u00e1vky smiechu a kde sa hlavne plnia sny. Okt\u00f3ber November December V\u00fdlet na mieru","og_url":"https:\/\/www.justflyaway.com\/en\/vylety\/","og_site_name":"Just fly away","article_modified_time":"2024-10-13T20:40:40+00:00","og_image":[{"url":"https:\/\/www.justflyaway.com\/wp-content\/uploads\/2024\/10\/obr4.jpg","type":"","width":"","height":""}],"twitter_card":"summary_large_image","twitter_misc":{"Est. reading time":"3 minutes"},"schema":{"@context":"https:\/\/schema.org","@graph":[{"@type":"WebPage","@id":"https:\/\/www.justflyaway.com\/vylety\/","url":"https:\/\/www.justflyaway.com\/vylety\/","name":"VYLETY - Just fly away","isPartOf":{"@id":"https:\/\/www.justflyaway.com\/#website"},"primaryImageOfPage":{"@id":"https:\/\/www.justflyaway.com\/vylety\/#primaryimage"},"image":{"@id":"https:\/\/www.justflyaway.com\/vylety\/#primaryimage"},"thumbnailUrl":"https:\/\/www.justflyaway.com\/wp-content\/uploads\/2024\/10\/obr4.jpg","datePublished":"2023-05-08T10:11:26+00:00","dateModified":"2024-10-13T20:40:40+00:00","breadcrumb":{"@id":"https:\/\/www.justflyaway.com\/vylety\/#breadcrumb"},"inLanguage":"en-US","potentialAction":[{"@type":"ReadAction","target":["https:\/\/www.justflyaway.com\/vylety\/"]}]},{"@type":"ImageObject","inLanguage":"en-US","@id":"https:\/\/www.justflyaway.com\/vylety\/#primaryimage","url":"https:\/\/www.justflyaway.com\/wp-content\/uploads\/2024\/10\/obr4.jpg","contentUrl":"https:\/\/www.justflyaway.com\/wp-content\/uploads\/2024\/10\/obr4.jpg"},{"@type":"BreadcrumbList","@id":"https:\/\/www.justflyaway.com\/vylety\/#breadcrumb","itemListElement":[{"@type":"ListItem","position":1,"name":"Home","item":"https:\/\/www.justflyaway.com\/"},{"@type":"ListItem","position":2,"name":"VYLETY"}]},{"@type":"WebSite","@id":"https:\/\/www.justflyaway.com\/#website","url":"https:\/\/www.justflyaway.com\/","name":"Just fly away","description":"v\u00fdlety, po\u010das ktor\u00fdch sa plnia sny","publisher":{"@id":"https:\/\/www.justflyaway.com\/#organization"},"potentialAction":[{"@type":"SearchAction","target":{"@type":"EntryPoint","urlTemplate":"https:\/\/www.justflyaway.com\/?s={search_term_string}"},"query-input":{"@type":"PropertyValueSpecification","valueRequired":true,"valueName":"search_term_string"}}],"inLanguage":"en-US"},{"@type":"Organization","@id":"https:\/\/www.justflyaway.com\/#organization","name":"Just fly away","url":"https:\/\/www.justflyaway.com\/","logo":{"@type":"ImageObject","inLanguage":"en-US","@id":"https:\/\/www.justflyaway.com\/#\/schema\/logo\/image\/","url":"https:\/\/www.justflyaway.com\/wp-content\/uploads\/2024\/10\/Jfa_crop.png","contentUrl":"https:\/\/www.justflyaway.com\/wp-content\/uploads\/2024\/10\/Jfa_crop.png","width":2607,"height":1196,"caption":"Just fly away"},"image":{"@id":"https:\/\/www.justflyaway.com\/#\/schema\/logo\/image\/"},"sameAs":["https:\/\/www.instagram.com\/janagriacova\/"]}]}},"_links":{"self":[{"href":"https:\/\/www.justflyaway.com\/en\/wp-json\/wp\/v2\/pages\/3253"}],"collection":[{"href":"https:\/\/www.justflyaway.com\/en\/wp-json\/wp\/v2\/pages"}],"about":[{"href":"https:\/\/www.justflyaway.com\/en\/wp-json\/wp\/v2\/types\/page"}],"author":[{"embeddable":true,"href":"https:\/\/www.justflyaway.com\/en\/wp-json\/wp\/v2\/users\/1"}],"replies":[{"embeddable":true,"href":"https:\/\/www.justflyaway.com\/en\/wp-json\/wp\/v2\/comments?post=3253"}],"version-history":[{"count":6,"href":"https:\/\/www.justflyaway.com\/en\/wp-json\/wp\/v2\/pages\/3253\/revisions"}],"predecessor-version":[{"id":3839,"href":"https:\/\/www.justflyaway.com\/en\/wp-json\/wp\/v2\/pages\/3253\/revisions\/3839"}],"wp:attachment":[{"href":"https:\/\/www.justflyaway.com\/en\/wp-json\/wp\/v2\/media?parent=3253"}],"curies":[{"name":"wp","href":"https:\/\/api.w.org\/{rel}","templated":true}]}}